{"id":159,"date":"2016-06-02T08:22:50","date_gmt":"2016-06-02T06:22:50","guid":{"rendered":"http:\/\/www.datenwerkstatt.bayern\/datenwerkstatt-bayern\/?page_id=159"},"modified":"2024-04-08T11:52:15","modified_gmt":"2024-04-08T09:52:15","slug":"ueber-mich","status":"publish","type":"page","link":"https:\/\/www.datenwerkstatt.bayern\/datenwerkstatt-bayern\/ueber-mich\/","title":{"rendered":"\u00fcber mich"},"content":{"rendered":"\t\t<div data-elementor-type=\"wp-page\" data-elementor-id=\"159\" class=\"elementor elementor-159\">\n\t\t\t\t\t\t<section class=\"elementor-section elementor-top-section elementor-element elementor-element-b18d9c9 elementor-section-boxed elementor-section-height-default elementor-section-height-default\" data-id=\"b18d9c9\" data-element_type=\"section\" data-e-type=\"section\">\n\t\t\t\t\t\t<div class=\"elementor-container elementor-column-gap-default\">\n\t\t\t\t\t<div class=\"elementor-column elementor-col-100 elementor-top-column elementor-element elementor-element-8ca788b\" data-id=\"8ca788b\" data-element_type=\"column\" data-e-type=\"column\">\n\t\t\t<div class=\"elementor-widget-wrap elementor-element-populated\">\n\t\t\t\t\t\t<div class=\"elementor-element elementor-element-c76ce73 elementor-widget elementor-widget-text-editor\" data-id=\"c76ce73\" data-element_type=\"widget\" data-e-type=\"widget\" data-widget_type=\"text-editor.default\">\n\t\t\t\t<div class=\"elementor-widget-container\">\n\t\t\t\t\t\t\t\t\t<p>Ich habe seit 1991 IT-Erfahrung im professionellen Umfeld. Mit Computern\u00a0 im Allgemeinen besch\u00e4ftige ich mich seit 1982.<\/p><p>Nach einigen Jahren als angestellter System-Engineer bei einem IT-Systemhaus bin ich seit 2004 Vollzeit-Freelancer\/Selbstst\u00e4ndiger. Eine Projekt \u00fcbersicht finden Sie unter <a href=\"https:\/\/www.datenwerkstatt.bayern\/projekte\">https:\/\/www.datenwerkstatt.bayern\/projekte<\/a><\/p><p>Ich verf\u00fcge \u00fcber breite Kenntnisse im Bereich Windows (ab Windows 3.1 aufw\u00e4rts; vorwiegend Server) und Linux (Schwerpunkt Debian bzw. Ubuntu und Abk\u00f6mmlinge, aber auch RedHat, CentOS, und in geringerem Ma\u00dfe auch SLES).<\/p><p>In diversen Rechenzentren errichtete ich v.a. die Server- und Client-Infrastruktur und leistete bei Bedarf den dazugeh\u00f6rigen User-Support. Zudem konnte ich viele Erfahrungen in diversen Tools (z.B. Ticketsysteme) und an Verfahrensweisen (z.B. ITIL) der modernen IT sammeln.<\/p><p>Ein Schwerpunkt ist neben den Server Betriebssystemen das Monitoring (seit 1999) von Systemumgebungen meist mit Icinga (1 bzw. 2), Nagios und check_mk, sowie das Thema Virtualisierung verschiedener L\u00f6sungen und Hersteller &#8212; u.a. VMWare, Proxmox.<\/p><p>Daneben habe ich auch mit cloudbasierten L\u00f6sungen Erfahrungen sammeln k\u00f6nnen.\u00a0<\/p><p>Sehr gern arbeite ich mit alternativen, mir evtl. noch unbekannten, heterogenen Umgebungen.<\/p><p>Sollten Sie ein passendes Projekt haben, z\u00f6gern Sie nicht mich unter <a href=\"mailto:info@datenwerkstatt.bayern\">info@datenwerkstatt.bayern<\/a> zu kontaktieren<\/p><p>Auf Anfrage stelle ich gerne einen ausf\u00fchrlichen CV (und ggf. auch Referenzen) zur Verf\u00fcgung.<\/p>\t\t\t\t\t\t\t\t<\/div>\n\t\t\t\t<\/div>\n\t\t\t\t\t<\/div>\n\t\t<\/div>\n\t\t\t\t\t<\/div>\n\t\t<\/section>\n\t\t\t\t<\/div>\n\t\t","protected":false},"excerpt":{"rendered":"<p>Ich habe seit 1991 IT-Erfahrung im professionellen Umfeld. Mit Computern\u00a0 im Allgemeinen besch\u00e4ftige ich mich seit 1982. Nach einigen Jahren als angestellter System-Engineer bei einem IT-Systemhaus bin ich seit 2004 Vollzeit-Freelancer\/Selbstst\u00e4ndiger. Eine Projekt \u00fcbersicht finden Sie unter https:\/\/www.datenwerkstatt.bayern\/projekte Ich verf\u00fcge \u00fcber breite Kenntnisse im Bereich Windows (ab Windows 3.1 aufw\u00e4rts; vorwiegend Server) und Linux (Schwerpunkt Debian bzw. Ubuntu und Abk\u00f6mmlinge, aber auch RedHat, CentOS, und in geringerem Ma\u00dfe auch SLES). In diversen Rechenzentren errichtete ich v.a. die Server- und Client-Infrastruktur und leistete bei Bedarf den dazugeh\u00f6rigen User-Support. Zudem konnte ich viele Erfahrungen in diversen Tools (z.B. Ticketsysteme) und an Verfahrensweisen (z.B. ITIL) der modernen IT sammeln. Ein Schwerpunkt ist neben den Server Betriebssystemen das Monitoring (seit 1999) von Systemumgebungen meist mit Icinga (1 bzw. 2), Nagios und check_mk, sowie das Thema Virtualisierung verschiedener L\u00f6sungen und Hersteller &#8212; u.a. VMWare, Proxmox. Daneben habe ich auch mit cloudbasierten L\u00f6sungen Erfahrungen sammeln k\u00f6nnen.\u00a0 Sehr gern arbeite ich mit alternativen, mir evtl. noch unbekannten, heterogenen Umgebungen. Sollten Sie ein passendes Projekt haben, z\u00f6gern Sie nicht mich unter info@datenwerkstatt.bayern zu kontaktieren Auf Anfrage stelle ich gerne einen ausf\u00fchrlichen CV (und ggf. auch Referenzen) zur Verf\u00fcgung.<\/p>\n","protected":false},"author":2,"featured_media":0,"parent":0,"menu_order":0,"comment_status":"closed","ping_status":"closed","template":"template-fullwidth.php","meta":{"footnotes":""},"class_list":["post-159","page","type-page","status-publish","hentry"],"_links":{"self":[{"href":"https:\/\/www.datenwerkstatt.bayern\/datenwerkstatt-bayern\/wp-json\/wp\/v2\/pages\/159","targetHints":{"allow":["GET"]}}],"collection":[{"href":"https:\/\/www.datenwerkstatt.bayern\/datenwerkstatt-bayern\/wp-json\/wp\/v2\/pages"}],"about":[{"href":"https:\/\/www.datenwerkstatt.bayern\/datenwerkstatt-bayern\/wp-json\/wp\/v2\/types\/page"}],"author":[{"embeddable":true,"href":"https:\/\/www.datenwerkstatt.bayern\/datenwerkstatt-bayern\/wp-json\/wp\/v2\/users\/2"}],"replies":[{"embeddable":true,"href":"https:\/\/www.datenwerkstatt.bayern\/datenwerkstatt-bayern\/wp-json\/wp\/v2\/comments?post=159"}],"version-history":[{"count":19,"href":"https:\/\/www.datenwerkstatt.bayern\/datenwerkstatt-bayern\/wp-json\/wp\/v2\/pages\/159\/revisions"}],"predecessor-version":[{"id":497,"href":"https:\/\/www.datenwerkstatt.bayern\/datenwerkstatt-bayern\/wp-json\/wp\/v2\/pages\/159\/revisions\/497"}],"wp:attachment":[{"href":"https:\/\/www.datenwerkstatt.bayern\/datenwerkstatt-bayern\/wp-json\/wp\/v2\/media?parent=159"}],"curies":[{"name":"wp","href":"https:\/\/api.w.org\/{rel}","templated":true}]}}