{"id":29,"date":"2015-12-18T14:18:19","date_gmt":"2015-12-18T13:18:19","guid":{"rendered":"http:\/\/www.datenwerkstatt.bayern\/datenwerkstatt-bayern\/?page_id=29"},"modified":"2024-06-05T15:01:26","modified_gmt":"2024-06-05T13:01:26","slug":"projekte","status":"publish","type":"page","link":"https:\/\/www.datenwerkstatt.bayern\/datenwerkstatt-bayern\/","title":{"rendered":"Projekte"},"content":{"rendered":"\t\t<div data-elementor-type=\"wp-page\" data-elementor-id=\"29\" class=\"elementor elementor-29\">\n\t\t\t\t\t\t<section class=\"elementor-section elementor-top-section elementor-element elementor-element-346aa604 elementor-section-full_width elementor-section-content-space-between elementor-section-height-default elementor-section-height-default\" data-id=\"346aa604\" data-element_type=\"section\" data-e-type=\"section\">\n\t\t\t\t\t\t<div class=\"elementor-container elementor-column-gap-no\">\n\t\t\t\t\t<div class=\"elementor-column elementor-col-100 elementor-top-column elementor-element elementor-element-377ee330\" data-id=\"377ee330\" data-element_type=\"column\" data-e-type=\"column\">\n\t\t\t<div class=\"elementor-widget-wrap elementor-element-populated\">\n\t\t\t\t\t\t<div class=\"elementor-element elementor-element-3a164152 elementor-widget elementor-widget-text-editor\" data-id=\"3a164152\" data-element_type=\"widget\" data-e-type=\"widget\" data-widget_type=\"text-editor.default\">\n\t\t\t\t<div class=\"elementor-widget-container\">\n\t\t\t\t\t\t\t\t\t<p>\n<div class=\"sp-wrap sp-wrap-steelblue\">\n<div class=\"sp-head\" title=\"Erweitern\">\n12\/2023 &#8211; aktuell; Consultant Windows\/Linux- St\u00e4rkung Cybersecurity, Beh\u00f6rde (D)\n<\/div>\n<div class=\"sp-body folded\">\n<\/p>\n<p>Consultant Windows\/Linux &#8211; St\u00e4rkung Cybersecurity<\/p>\n<ul>\n<li>Windows Server (ab 2008)<\/li>\n<li>Linux Server (vorw. Ubuntu LTS)<\/li>\n<li>VMWare<\/li>\n<li>check_mk<\/li>\n<\/ul>\n<p>Ziel ist die Verbesserung\/H\u00e4rtung der Infrastruktur des Kunden hinsichtlich der<br \/>aktuellen Bedrohungslagen f\u00fcr die Sicherheit der IT. <\/p>\n<div class=\"spdiv\">[Einklappen]<\/div>\n<\/div>\n<\/div>\n<\/p>\n<p>\n<div class=\"sp-wrap sp-wrap-steelblue\">\n<div class=\"sp-head\" title=\"Erweitern\">\n08\/2022 &#8211; 12\/2023; Linux Application Manager &#8211; Unterst\u00fctzung Applikationsmanagement SMART PaaS, Bank, Wien (A)\n<\/div>\n<div class=\"sp-body folded\">\n<\/p>\n<p>Linux Application Manager in verschiedenen Bereichen im RZ einer Landesweiten\u00a0 Bankengruppe in \u00d6sterreich<\/p>\n<ul>\n<li>Linux Red Hat 7\/8 (Update\/Upgrade)<\/li>\n<li>Red Hat OpenShift (Containerverwaltung)<\/li>\n<li>Apache Tomcat (Installation bzw. Update\/Upgrade)<\/li>\n<li>UrbanCode Deploy (UCD)<\/li>\n<li>Red Hat Ansible<\/li>\n<li>Atlassian Jira\u00a0<\/li>\n<li>allgemeines Applikationsmanagement\n<p class=\"western\">Projektinhalt war \u00fcberwiegend die Wartung der Linux-Infrastruktur (RedHat) auf Basis von RedHat Openshift und standardisierter virtueller Maschinen. Dazu geh\u00f6rte das einspielen von Patches und Updates, sowie auch die Fehlersuche bei Fehlfunktionen. Dies geschah nativ unter Linux auf der Kommandozeile, wie auch mittel des Tools UrbanCode Deploy.<\/p>\n<p class=\"western\">Ebenso kam Ansible kam f\u00fcr die Installation und das Konfigurationsmanagement der zu wartenden Container und virtuellen Maschinen zum Einsatz.<\/p>\n<p class=\"western\">Manuell wurde eine Vielzahl von veralteten Tomcat, sowie auch Jira Installationen auf altuelle(re) Versionen angehoben. Bearbeitet wurden diese sowohl in einer eigenen Entwicklungs- und Produktivumgebung.<\/p>\n<p class=\"western\">Gesteuert wurde dies durch Tickets im Jira-Ticketsystem, welche in Eigenregie <span style=\"color: #000000;\"><span style=\"font-size: small;\"><span lang=\"de-DE\">priorisiert<\/span><\/span><\/span> und bearbeitet wurden. Daneben wurden <span style=\"color: #000000;\"><span style=\"font-size: small;\"><span lang=\"de-DE\">regelm\u00e4\u00dfige<\/span><\/span><\/span> (teilweise monatliche) Releases f\u00fcr kritische, \u00f6ffentliche Unternehmenssoftware (Portale) in vorher definierten Wartungsfenstern (Changemanagement) teilweise abends, nachts und an Wochenenden begleitend durchgef\u00fchrt.\u00a0 <\/p>\n<div class=\"spdiv\">[Einklappen]<\/div>\n<\/div>\n<\/div>\n<\/p>\n<\/li>\n<\/ul>\n<p>\n<div class=\"sp-wrap sp-wrap-steelblue\">\n<div class=\"sp-head\" title=\"Erweitern\">\n04\/2021 &#8211; 06\/2022; Teilprojektleiter Rollout und Service , Beh\u00f6rde, BOS, K\u00f6nigsbrunn\n<\/div>\n<div class=\"sp-body folded\">\n<\/p>\n<p>Teilprojektleiter innerhalb des Projektes f\u00fcr die Einf\u00fchrung von Digitalpagern (TETRA\/BOS) in Bayern <\/p>\n<div class=\"spdiv\">[Einklappen]<\/div>\n<\/div>\n<\/div>\n<\/p>\n<p>\n<div class=\"sp-wrap sp-wrap-steelblue\">\n<div class=\"sp-head\" title=\"Erweitern\">\n04\/2021 &#8211; 10\/2021; Beratung Icinga2, Unternehmen, Leipzig\/Berlin\n<\/div>\n<div class=\"sp-body folded\">\n<\/p>\n<p>Beratung und Anpassung (Umsetzung) der Infrastrukturellen System\u00fcberwachung bei einem Gesundheitsunternehmen<\/p>\n<div class=\"spdiv\">[Einklappen]<\/div>\n<\/div>\n<\/div>\n<\/p>\n<p>\n<div class=\"sp-wrap sp-wrap-steelblue\">\n<div class=\"sp-head\" title=\"Erweitern\">\n2019 &#8211; 04\/2021; Teilprojektleiter, Beh\u00f6rde, BOS, K\u00f6nigsbrunn\n<\/div>\n<div class=\"sp-body folded\">\n<\/p>\n<p>Teilprojektleiter f\u00fcr die Entwicklung eines &#8222;Over the Air&#8220; Protokolls (OTA) f\u00fcr die Programmierung von Pagern f\u00fcr die Alarmierung im Digitalfunk Bayern.<\/p>\n<p>Beratung System &#8211; Monitoring mit Icinga2.<\/p>\n<p>\n<div class=\"spdiv\">[Einklappen]<\/div>\n<\/div>\n<\/div>\n<\/p>\n<p>\n<div class=\"sp-wrap sp-wrap-steelblue\">\n<div class=\"sp-head\" title=\"Erweitern\">\n06\/2020 &#8211; 12\/2020; Consultant Icinga2, Unternehmen, Leipzig\n<\/div>\n<div class=\"sp-body folded\">\n<\/p>\n<p>Weiterentwicklung des hauseigenen Monitoring Systems auf Basis von Icinga2<\/p>\n<p>\n<div class=\"spdiv\">[Einklappen]<\/div>\n<\/div>\n<\/div>\n<\/p>\n<p>\n<div class=\"sp-wrap sp-wrap-steelblue\">\n<div class=\"sp-head\" title=\"Erweitern\">\n2017 &#8211; 2019; Teilprojektleiter Service und Rollout, Beh\u00f6rde, BOS,  K\u00f6nigsbrunn\n<\/div>\n<div class=\"sp-body folded\">\n<\/p>\n<p>Rollout eines finalen Update Systems f\u00fcr die Endger\u00e4teprogrammierung f\u00fcr den Digitalfunk in Bayern.<\/p>\n<p>\n<div class=\"spdiv\">[Einklappen]<\/div>\n<\/div>\n<\/div>\n<\/p>\n<p>\n<div class=\"sp-wrap sp-wrap-steelblue\">\n<div class=\"sp-head\" title=\"Erweitern\">\n2014 &#8211; 2019; System Monitoring (Icinga2), Beh\u00f6rde, BOS, M\u00fcnchen und K\u00f6nigsbrunn\n<\/div>\n<div class=\"sp-body folded\">\n<\/p>\n<p>Einf\u00fchrung System Monitoring auf Basis Icinga2 bei einer Beh\u00f6rde.<\/p>\n<ul>\n<li>Icinga2<\/li>\n<li>Icinga Web2<\/li>\n<li>Icinga Director<\/li>\n<li>Grafana<\/li>\n<li>Graphite<\/li>\n<\/ul>\n<p>\n<div class=\"spdiv\">[Einklappen]<\/div>\n<\/div>\n<\/div>\n<\/p>\n<p>\n<div class=\"sp-wrap sp-wrap-steelblue\">\n<div class=\"sp-head\" title=\"Erweitern\">\n2013 &#8211; 2019; technischer Projektleiter Linux\/Windows, Beh\u00f6rde, BOS,  M\u00fcnchen\n<\/div>\n<div class=\"sp-body folded\">\n<\/p>\n<p>Technischer Projektleiter im Bereich Linux\/Windows f\u00fcr die Autorisierte Stelle in Bayern (im Bayerischen Landeskriminalamt).<\/p>\n<p>Installation und Rollout von Interims Update Systemen und\u00a0Entwicklung und Rollout eines finalen Update Systems f\u00fcr den Digitalfunk in Bayern.<\/p>\n<ul>\n<li style=\"list-style-type: none;\">\n<ul>\n<li>Vmware ESXi<\/li>\n<li>Windows 2008 R2<\/li>\n<li>Windows 2012 R2<\/li>\n<li>Windows 7<\/li>\n<li>Windows 8.1<\/li>\n<li>Windows 10<\/li>\n<li>Debian \/ Ubuntu Linux<\/li>\n<li>Icinga\/Nagios<\/li>\n<li>Sepura Radio Manager<\/li>\n<li>Motorola iTM<\/li>\n<li>Netzwerk Konfiguration<\/li>\n<\/ul>\n<\/li>\n<\/ul>\n<p>\n<div class=\"spdiv\">[Einklappen]<\/div>\n<\/div>\n<\/div>\n<\/p>\n<p>\n<div class=\"sp-wrap sp-wrap-steelblue\">\n<div class=\"sp-head\" title=\"Erweitern\">\n2013 Consultant System-Monitoring (Nagios)-  Active Directory\/Exchange Monitoring;  Industriekonzern, M\u00fcnchen\n<\/div>\n<div class=\"sp-body folded\">\n<p>Consultant f\u00fcr AD\/Exchange-Monitoring<\/p>\n<p>Anpassung eines Kundenmonitorings bei der Siemens AG in M\u00fcnchen an spezielle Pr\u00fcfungen in der MS AD und weitere Anforderungen.<\/p>\n<ul>\n<li style=\"list-style-type: none;\">\n<ul>\n<li>Optimierung von Nagios Checks im Zusammenhang mit Windows AD<\/li>\n<li>PNP Graphen Optimierung bzw. neu Erstellung<\/li>\n<li>Nagvis Einf\u00fchrung (Visualisierung f\u00fcr Displays)<\/li>\n<li>diverse Anpassungen im Workflow<\/li>\n<\/ul>\n<\/li>\n<\/ul>\n<p>Software:<\/p>\n<ul>\n<li style=\"list-style-type: none;\">\n<ul>\n<li>Nagios (auf Basis von OMD -Open Monitoring Distribution)<\/li>\n<li>diverse Plugins (PNP, Nagvis)<\/li>\n<\/ul>\n<\/li>\n<\/ul>\n<p>\n<div class=\"spdiv\">[Einklappen]<\/div>\n<\/div>\n<\/div>\n<\/p>\n<p>\n<div class=\"sp-wrap sp-wrap-steelblue\">\n<div class=\"sp-head\" title=\"Erweitern\">\n2013 System-Administrator; Krankenhaus; Salzburg (A)\n<\/div>\n<div class=\"sp-body folded\">\n<\/p>\n<p>MS Windows Server- und VMWare-Administration bei einem Systemhaus in einem Krankenhaus ins Salzburg.<\/p>\n<p>Allgemeine Administration und Betreuung der Windows-Server und VMWare-Landschaft. Dazu geh\u00f6rten u.a. auch direkt &#8222;physikalische&#8220; Arbeiten in den verschieden RZ. Bei der VMWare Administration ging es um die \u00fcblichen Themen: Bereitstellung\/Erweiterung von VM&#8217;s, Software\/Firmware Migrationen (serverseitig) etc. via VSphere und Web-Client.<\/p>\n<div class=\"spdiv\">[Einklappen]<\/div>\n<\/div>\n<\/div>\n<\/p>\n<p>\n<div class=\"sp-wrap sp-wrap-steelblue\">\n<div class=\"sp-head\" title=\"Erweitern\">\n2012 Consultant System-Monitoring (Nagios); Systemhaus, Kirchweidach\n<\/div>\n<div class=\"sp-body folded\">\n<\/p>\n<p>Upgrade Monitoring mit Nagios\/Icinga und Systemadministration RZ-Betrieb, Systemhaus in\u00a084558 Kirchweidach\/84529 Tittmoning.<\/p>\n<p>Vorbereitung auf Versions Upgrade und Erweiterung des bestehenden Monitorings mit Nagios.<\/p>\n<p>Die bestehende Monitoring Umgebung unter Nagios sollte auf eine aktuellere Version migriert werden. Dabei sollte u.a. auch der NagiosGrapher durch PNP ersetzt werden. Alte Graphen mussten aber auch soweit m\u00f6glich \u00fcbernommen werden. Da auch Kundenumgebungen mit eigenen Satelliten \u00fcberwacht werden, musste eine aktuelle Satellitenkonfiguration als Referenz erstellt werden und mittels einer Schablone mit m\u00f6glichst wenig Aufwand auf neue Kunden einstellbar sein.<\/p>\n<p>Die Mehrzahl der Kunden Systeme wird im eigenen RZ gehostet bzw. vor Ort beim Kunden und zu 90% in einer virtuellen Umgebung betrieben (VMWare ESX und ESXi). Auch die Verbindung der Satelliten an den Hauptserver (bisher via nsca) wurde \u00fcberpr\u00fcft und sollte ggf. erneuert werden, aber soweit m\u00f6glich kompatibel bleiben zu den bisherigen Systemen.<\/p>\n<div class=\"spdiv\">[Einklappen]<\/div>\n<\/div>\n<\/div>\n<\/p>\n<p>\n<div class=\"sp-wrap sp-wrap-steelblue\">\n<div class=\"sp-head\" title=\"Erweitern\">\n2012 Administration Web-Services; Industriekonzern, M\u00fcnchen\n<\/div>\n<div class=\"sp-body folded\">\n<p>Im Auftrag eines Softwarehaus, Rosenheim.<\/p>\n<p>Administration Web-Services unter Windows und Linux.<br \/>Vornehmlich Apache und IIS6 und IIS7.<\/p>\n<div class=\"spdiv\">[Einklappen]<\/div>\n<\/div>\n<\/div>\n<\/p>\n<p>\n<div class=\"sp-wrap sp-wrap-steelblue\">\n<div class=\"sp-head\" title=\"Erweitern\">\n2011 &#8211; 2012 Consultant System-Monitoring; Softwarehaus, Rosenheim\n<\/div>\n<div class=\"sp-body folded\">\n<p>Aufbau eines Monitoring Projektes (selfService Monitoring), basierend auf Nagios\/Icinga.<\/p>\n<p>Es sollte eine Infrastruktur erstellt werden, um sp\u00e4ter dann via Webfrontend eine System\u00fcberwachung konfigurieren zu<br \/>k\u00f6nnen und zwar m\u00f6glichst selbst konfigurierend, also ohne das gro\u00dfe Fachkenntnisse notwendig w\u00e4ren<br \/>bez\u00fcglich Nagios und der Systeme die \u00fcberwacht werden sollen.<br \/>Dabei waren u.a. Instanzierung und Abschottung derselben untereinander wichtig aber ebenso die Skalierbarkeit.<br \/>Ich habe hier an dem Nagios\/Icinga Teilbereich gearbeitet.<\/p>\n<div class=\"spdiv\">[Einklappen]<\/div>\n<\/div>\n<\/div>\n<\/p>\n<p>\n<div class=\"sp-wrap sp-wrap-steelblue\">\n<div class=\"sp-head\" title=\"Erweitern\">\n2008 &#8211; 2011 System-Administrator; Versicherungskonzern, M\u00fcnchen\n<\/div>\n<div class=\"sp-body folded\">\n<\/p>\n<p>T\u00e4tigkeiten (Schwerpunkt):<\/p>\n<ul>\n<li style=\"list-style-type: none;\">\n<ul>\n<li>System-Administration<\/li>\n<li>User Support<\/li>\n<li>Lotus Domino Administration<\/li>\n<li>Nagios Administration<\/li>\n<li>Enteo Netinstall Installation und Administration incl. Packaging<\/li>\n<li>Samba\/OpenLDAP Administration (incl. Rechtevergabe)<\/li>\n<li>Migration Samba\/OpenLDAP -&gt; AD (begleitend, vorbereitend)<\/li>\n<li>Migration Lotus Domino -&gt; MS Exchange (begleitend, vorbereitend)<\/li>\n<li>diverse Bereitschaftsdienste<\/li>\n<\/ul>\n<\/li>\n<\/ul>\n<p>Software:<\/p>\n<ul>\n<li style=\"list-style-type: none;\">\n<ul>\n<li>Linux (SuSe, Debian, CentOS)<\/li>\n<li>Samba<\/li>\n<li>OpenLDAP<\/li>\n<li>Windows (XP, 7, Server 2003, 2008, Exchange)<\/li>\n<li>Nagios \/ Icinga Enteo<\/li>\n<li>Netinstall 6.x<\/li>\n<li>Lotus Domino \/ Notes Administration<\/li>\n<li>VMWare ESXi \/ ESX<\/li>\n<li>Windows Update Server<\/li>\n<li>maxDB<\/li>\n<li>Avaya<\/li>\n<\/ul>\n<\/li>\n<\/ul>\n<p>\n<div class=\"spdiv\">[Einklappen]<\/div>\n<\/div>\n<\/div>\n<\/p>\n<p>\n<div class=\"sp-wrap sp-wrap-steelblue\">\n<div class=\"sp-head\" title=\"Erweitern\">\n2005 &#8211; 2007 System-Integration \/ Administration &#8211; &quot;Lissi und der Wilde Kaiser&quot;; Filmunternehmen, Gr\u00fcnwald b. M\u00fcnchen \n<\/div>\n<div class=\"sp-body folded\">\n<p>Aufbau der Infrastruktur (Server und Renderfarm) und sp\u00e4ter Administration der Umgebung und der Clients f\u00fcr bis zu 150 Mitarbeiter<br \/>f\u00fcr das Filmprojekt &#8222;Lissi und der Wilde Kaiser&#8220;.\u00a0 <a href=\"http:\/\/www.imdb.com\/name\/nm2692322\/?ref_=fn_al_nm_1\" target=\"_blank\" rel=\"noopener noreferrer\">Eintrag in der IMDB<\/a><\/p>\n<ul>\n<li>S.U.S.E Linux<\/li>\n<li style=\"text-align: left;\">RedHat Linux<\/li>\n<li style=\"text-align: left;\">Debian Linux<\/li>\n<li style=\"text-align: left;\">Datenbank und File Server unter SLES 9.x<\/li>\n<li style=\"text-align: left;\">VMWare Server<\/li>\n<li style=\"text-align: left;\">Microsoft Windows 2000<\/li>\n<li style=\"text-align: left;\">Microsoft Windows XP<\/li>\n<li style=\"text-align: left;\">Acronis True-Image<\/li>\n<li style=\"text-align: left;\">Monitoring mit Nagios<\/li>\n<li style=\"text-align: left;\">OpenLDAP<\/li>\n<li style=\"text-align: left;\">Samba<\/li>\n<li style=\"text-align: left;\">mysql<\/li>\n<li style=\"text-align: left;\">Avid Xpress Pro 4.x\/5.x<\/li>\n<li style=\"text-align: left;\">Arkeia Backup DAR (Disk Archiver)<\/li>\n<li style=\"text-align: left;\">OpenVPN<\/li>\n<li style=\"text-align: left;\">rsync<\/li>\n<li style=\"text-align: left;\">Subversion<\/li>\n<li style=\"text-align: left;\">Trend Micro<\/li>\n<li style=\"text-align: left;\">SMB<\/li>\n<li style=\"text-align: left;\">Server Microsoft Update Server (heute WSUS)<\/li>\n<li style=\"text-align: left;\">User Support (1st bis 3rd Level)<\/li>\n<li style=\"text-align: left;\">Angstrom Blade Server<\/li>\n<\/ul>\n<p><a href=\"http:\/\/www.datenwerkstatt.bayern\/datenwerkstatt-bayern\/wp-content\/uploads\/2020\/10\/Bild-Widmung-scaled.jpg\"><img fetchpriority=\"high\" decoding=\"async\" src=\"http:\/\/www.datenwerkstatt.bayern\/datenwerkstatt-bayern\/wp-content\/uploads\/2020\/10\/Bild-Widmung-300x179.jpg\" alt=\"\" width=\"300\" height=\"179\" \/><\/a><\/p>\n<p>\n<div class=\"spdiv\">[Einklappen]<\/div>\n<\/div>\n<\/div>\n<\/p>\n<p>\n<div class=\"sp-wrap sp-wrap-steelblue\">\n<div class=\"sp-head\" title=\"Erweitern\">\n2004 &#8211; 2005 Storage Installationen; diverse Kunden\n<\/div>\n<div class=\"sp-body folded\">\n<p>IT-Dienstleister<\/p>\n<p>jeweils Storage Installation (Hardware) FibreChannel f\u00fcr:<\/p>\n<ul>\n<li><a href=\"https:\/\/www.helmholtz-muenchen.de\/\" target=\"_blank\" rel=\"noopener noreferrer\">Helmholtz Zentrum (GFS) M\u00fcnchen<\/a><\/li>\n<li><a href=\"https:\/\/www.lrz.de\/\" target=\"_blank\" rel=\"noopener noreferrer\">Leibniz Rechenzentrum M\u00fcnchen<\/a><\/li>\n<li><a href=\"http:\/\/www.ipp.mpg.de\/\" target=\"_blank\" rel=\"noopener noreferrer\">Max-Planck-Institut f\u00fcr Plasmaphysik Garching bei M\u00fcnchen<\/a><\/li>\n<li><a href=\"http:\/\/www.biochem.mpg.de\/de\" target=\"_blank\" rel=\"noopener noreferrer\">Max-Planck-Institut f\u00fcr Biochemie Martinsried bei M\u00fcnchen<\/a><\/li>\n<\/ul>\n<p>\n<div class=\"spdiv\">[Einklappen]<\/div>\n<\/div>\n<\/div>\n<\/p>\n<p>\n<div class=\"sp-wrap sp-wrap-steelblue\">\n<div class=\"sp-head\" title=\"Erweitern\">\n1998 &#8211; 2004 System Engineer ; Systemhaus, \u00dcbersee\n<\/div>\n<div class=\"sp-body folded\">\n<p>Systemhaus, \u00dcbersee bzw. M\u00fcnchen<\/p>\n<p>System Engineer als System-Administrator f\u00fcr die internen Systeme incl. UserSupport und Standortbetreuung (bis zu 5)<\/p>\n<p><span style=\"text-decoration: underline;\">Software:<\/span><\/p>\n<ul>\n<li>Novell (3.xx, 4.xx)<\/li>\n<li>Windows (95 &#8211; XP, NT Server &#8211; 2003 Server)<\/li>\n<li>Terminal Server Windows (NT4.0 &#8211; 2003)<\/li>\n<li>Linux (Debian)<\/li>\n<li>Lotus Domino\/Notes Administration (4.xx &#8211; 5.xx)<\/li>\n<li>Netsaint\/Nagios Monitoring<\/li>\n<\/ul>\n<p><span style=\"text-decoration: underline;\">Hardware:<\/span><\/p>\n<ul>\n<li>Server: IBM, Compaq (HP)<\/li>\n<li>Clients: IBM (Notebooks), Dell (PC&#8217;s),<\/li>\n<li>HP (Drucker)<\/li>\n<\/ul>\n<p>\n<div class=\"spdiv\">[Einklappen]<\/div>\n<\/div>\n<\/div>\n<\/p>\n<p>\u00a0<\/p>\n<p><\/p>\t\t\t\t\t\t\t\t<\/div>\n\t\t\t\t<\/div>\n\t\t\t\t\t<\/div>\n\t\t<\/div>\n\t\t\t\t\t<\/div>\n\t\t<\/section>\n\t\t\t\t<section class=\"elementor-section elementor-top-section elementor-element elementor-element-ca8d568 elementor-section-boxed elementor-section-height-default elementor-section-height-default\" data-id=\"ca8d568\" data-element_type=\"section\" data-e-type=\"section\">\n\t\t\t\t\t\t<div class=\"elementor-container elementor-column-gap-default\">\n\t\t\t\t\t<div class=\"elementor-column elementor-col-100 elementor-top-column elementor-element elementor-element-8ef8f91\" data-id=\"8ef8f91\" data-element_type=\"column\" data-e-type=\"column\">\n\t\t\t<div class=\"elementor-widget-wrap elementor-element-populated\">\n\t\t\t\t\t\t<div class=\"elementor-element elementor-element-9d1d555 elementor-widget elementor-widget-text-editor\" data-id=\"9d1d555\" data-element_type=\"widget\" data-e-type=\"widget\" data-widget_type=\"text-editor.default\">\n\t\t\t\t<div class=\"elementor-widget-container\">\n\t\t\t\t\t\t\t\t\t<h1><span style=\"font-weight: normal;\">Ausf\u00fchrlichere Infos unter <\/span><a href=\"https:\/\/www.freelancermap.de\/freelancer-verzeichnis\/profile\/it-infrastruktur\/36311-profil-senior-consultant-tpl-linux-windows-monitoringvirtualisierung.html\" target=\"_blank\" rel=\"noopener\">Freelancermap<\/a><\/h1>\t\t\t\t\t\t\t\t<\/div>\n\t\t\t\t<\/div>\n\t\t\t\t\t<\/div>\n\t\t<\/div>\n\t\t\t\t\t<\/div>\n\t\t<\/section>\n\t\t\t\t<\/div>\n\t\t","protected":false},"excerpt":{"rendered":"<p>\u00a0 Ausf\u00fchrlichere Infos unter Freelancermap<\/p>\n","protected":false},"author":2,"featured_media":0,"parent":0,"menu_order":0,"comment_status":"closed","ping_status":"closed","template":"template-fullwidth.php","meta":{"footnotes":""},"class_list":["post-29","page","type-page","status-publish","hentry"],"_links":{"self":[{"href":"https:\/\/www.datenwerkstatt.bayern\/datenwerkstatt-bayern\/wp-json\/wp\/v2\/pages\/29","targetHints":{"allow":["GET"]}}],"collection":[{"href":"https:\/\/www.datenwerkstatt.bayern\/datenwerkstatt-bayern\/wp-json\/wp\/v2\/pages"}],"about":[{"href":"https:\/\/www.datenwerkstatt.bayern\/datenwerkstatt-bayern\/wp-json\/wp\/v2\/types\/page"}],"author":[{"embeddable":true,"href":"https:\/\/www.datenwerkstatt.bayern\/datenwerkstatt-bayern\/wp-json\/wp\/v2\/users\/2"}],"replies":[{"embeddable":true,"href":"https:\/\/www.datenwerkstatt.bayern\/datenwerkstatt-bayern\/wp-json\/wp\/v2\/comments?post=29"}],"version-history":[{"count":207,"href":"https:\/\/www.datenwerkstatt.bayern\/datenwerkstatt-bayern\/wp-json\/wp\/v2\/pages\/29\/revisions"}],"predecessor-version":[{"id":511,"href":"https:\/\/www.datenwerkstatt.bayern\/datenwerkstatt-bayern\/wp-json\/wp\/v2\/pages\/29\/revisions\/511"}],"wp:attachment":[{"href":"https:\/\/www.datenwerkstatt.bayern\/datenwerkstatt-bayern\/wp-json\/wp\/v2\/media?parent=29"}],"curies":[{"name":"wp","href":"https:\/\/api.w.org\/{rel}","templated":true}]}}